{"id":2145,"date":"2020-04-10T12:44:05","date_gmt":"2020-04-09T10:44:05","guid":{"rendered":"https:\/\/quellidinessuno.org\/?page_id=2145"},"modified":"2020-12-11T07:57:25","modified_gmt":"2020-12-11T06:57:25","slug":"cookies-policy","status":"publish","type":"page","link":"https:\/\/quellidinessuno.org\/?page_id=2145","title":{"rendered":"Cookies policy"},"content":{"rendered":"\n<p>In linea con la legislazione europea,\u00a0<strong>Tony Viola<\/strong> e <strong>Laura Grana,<\/strong>\u00a0proprietari di questo sito, vogliono garantire che ogni utente del sito web comprenda cosa sono i cookie e per quale motivo vengono utilizzati, in modo che possa decidere consapevolmente se accettarne l\u2019utilizzo oppure no.\u00a0<\/p>\n\n\n\n<p>In conformit\u00e0 con le sue disposizioni della&nbsp;<a href=\"https:\/\/www.garanteprivacy.it\/documents\/10160\/0\/Codice+in+materia+di+protezione+dei+dati+personali+%28Testo+coordinato%29\"><em>normativa sulla privacy<\/em><\/a>, utilizzo cookie e tecnologie simili per identificarTi e raccogliere informazioni che consentano di abilitare determinate funzionalit\u00e0 sul Mio sito, per consentirti di accedere al tuo account, analizzare il traffico e l\u2019utilizzo del sito e personalizzare contenuti e annunci.<\/p>\n\n\n\n<h2 class=\"wp-block-heading\">Il Tuo Consenso<\/h2>\n\n\n\n<p>Quando visiti per la prima volta questo sito, ti verr\u00e0 presentato un Avviso sui Cookie. Navigando sul Mio sito, chiudendo il messaggio di Avviso sui Cookie o facendo clic su OK, accetti l\u2019utilizzo di cookie e tecnologie simili come descritto nel presente documento.<\/p>\n\n\n\n<p>Puoi decidere di ritirare il tuo consenso in qualsiasi momento.<\/p>\n\n\n\n<h2 class=\"wp-block-heading\">Cosa sono i Cookie?<\/h2>\n\n\n\n<p>Un&nbsp;<em>cookie<\/em>&nbsp;\u00e8 una piccola porzione di dati che il Mio sito Web richiede al Tuo browser di memorizzare sul tuo computer o dispositivo mobile. Generalmente, contiene alcune informazioni che non sono personalmente identificabili, ma vengono utilizzate per migliorare e personalizzare la Tua esperienza sul web.&nbsp;<\/p>\n\n\n\n<h2 class=\"wp-block-heading\">Come gestire, controllare o bloccare i cookies?<\/h2>\n\n\n\n<p>Puoi modificare le Tue preferenze sui Cookie direttamente dal Tuo browser. Quasi tutti i browser permettono di identificare i Cookies e bloccarli automaticamente. Considera che se disabiliti i Cookies del Mio sito o i Cookies in generale nelle impostazioni del suo browser, questo impedir\u00e0 i cookies funzionali per il Sito, ed alcune sezioni o caratteristiche del Sito non risulteranno funzionanti.<\/p>\n\n\n\n<p>Le impostazioni del browser si trovano spesso nel men\u00f9 \u2018Opzioni\u2019 o \u2018Preferenze\u2019. E\u2019 possibile trovare i passaggi specifici per ogni browser dalla lista sottostante. Per maggiori informazioni, raccomando di fare riferimento alla documentazione del proprio browser.&nbsp;<\/p>\n\n\n\n<ul class=\"wp-block-list\"><li>Internet Explorer \u2013&nbsp;<a href=\"https:\/\/support.microsoft.com\/en-GB\/kb\/278835\">https:\/\/support.microsoft.com\/en-GB\/kb\/278835<\/a><\/li><li>Chrome \u2013&nbsp;<a href=\"https:\/\/support.google.com\/chrome\/answer\/95647?hl=en-GB\">https:\/\/support.google.com\/chrome\/answer\/95647?hl=en-GB<\/a><\/li><li>Firefox \u2013&nbsp;<a href=\"https:\/\/support.mozilla.org\/en-GB\/kb\/delete-browsing-search-download-history-firefox\">https:\/\/support.mozilla.org\/en-GB\/kb\/delete-browsing-search-download-history-firefox<\/a><\/li><li>Safari \u2013&nbsp;<a href=\"https:\/\/support.apple.com\/kb\/PH5042?locale=en-GB\">https:\/\/support.apple.com\/kb\/PH5042?locale=en-GB<\/a><\/li><li>Opera \u2013&nbsp;<a href=\"https:\/\/www.opera.com\/help\/tutorials\/\">http:\/\/www.opera.com\/help\/tutorials\/<\/a><\/li><\/ul>\n\n\n\n<h2 class=\"wp-block-heading\">Modifiche alla Privacy Policy<\/h2>\n\n\n\n<p>Mi riservo il diritto di modificare la&nbsp;<em>Cookie Policy<\/em>&nbsp;in qualsiasi momento. Se ci\u00f2 avverr\u00e0, pubblicher\u00f2 gli aggiornamenti qui ed in qualsiasi altro punto del sito che riterr\u00f2 appropriato. Mi riservo il diritto di modificare, aggiornare o adattare questa Cookie Policy affinch\u00e8 rifletta qualsiasi modifica nelle funzionalit\u00e0 di questo Sito, della legislazione, o nell\u2019interpretazione da parte delle leggi di protezione dei dati rilevanti.<\/p>\n\n\n\n<h4 class=\"wp-block-heading\"><\/h4>\n\n\n\n<h2 class=\"wp-block-heading\"><em><strong>Aggiornamenti<\/strong><\/em><\/h2>\n\n\n\n<p><em>La presente privacy policy \u00e8 aggiornata alla data del 26 novembre 2020.\u00a0<\/em><\/p>\n","protected":false},"excerpt":{"rendered":"<p class=\"excerpt\">In linea con la legislazione europea,\u00a0Tony Viola e Laura Grana,\u00a0proprietari di questo sito, vogliono garantire che ogni utente del sito web comprenda cosa sono i cookie e per quale motivo vengono utilizzati, in modo che possa decidere consapevolmente se accettarne l\u2019utilizzo oppure no.\u00a0 In conformit\u00e0 con le sue disposizioni della&nbsp;normativa sulla privacy, utilizzo cookie e [&hellip;]<\/p>\n","protected":false},"author":1,"featured_media":0,"parent":0,"menu_order":0,"comment_status":"closed","ping_status":"closed","template":"","meta":{"inline_featured_image":false,"_monsterinsights_skip_tracking":false,"_monsterinsights_sitenote_active":false,"_monsterinsights_sitenote_note":"","_monsterinsights_sitenote_category":0,"footnotes":""},"class_list":["post-2145","page","type-page","status-publish","hentry"],"aioseo_notices":[],"_links":{"self":[{"href":"https:\/\/quellidinessuno.org\/index.php?rest_route=\/wp\/v2\/pages\/2145","targetHints":{"allow":["GET"]}}],"collection":[{"href":"https:\/\/quellidinessuno.org\/index.php?rest_route=\/wp\/v2\/pages"}],"about":[{"href":"https:\/\/quellidinessuno.org\/index.php?rest_route=\/wp\/v2\/types\/page"}],"author":[{"embeddable":true,"href":"https:\/\/quellidinessuno.org\/index.php?rest_route=\/wp\/v2\/users\/1"}],"replies":[{"embeddable":true,"href":"https:\/\/quellidinessuno.org\/index.php?rest_route=%2Fwp%2Fv2%2Fcomments&post=2145"}],"version-history":[{"count":2,"href":"https:\/\/quellidinessuno.org\/index.php?rest_route=\/wp\/v2\/pages\/2145\/revisions"}],"predecessor-version":[{"id":3110,"href":"https:\/\/quellidinessuno.org\/index.php?rest_route=\/wp\/v2\/pages\/2145\/revisions\/3110"}],"wp:attachment":[{"href":"https:\/\/quellidinessuno.org\/index.php?rest_route=%2Fwp%2Fv2%2Fmedia&parent=2145"}],"curies":[{"name":"wp","href":"https:\/\/api.w.org\/{rel}","templated":true}]}}