{"id":2198,"date":"2020-04-10T04:52:33","date_gmt":"2020-04-10T02:52:33","guid":{"rendered":"https:\/\/quellidinessuno.org\/?page_id=2198"},"modified":"2024-11-27T23:45:38","modified_gmt":"2024-11-27T22:45:38","slug":"come-fare","status":"publish","type":"page","link":"https:\/\/quellidinessuno.org\/?page_id=2198","title":{"rendered":"COME FARE"},"content":{"rendered":"\t\t<div data-elementor-type=\"wp-page\" data-elementor-id=\"2198\" class=\"elementor elementor-2198\" data-elementor-post-type=\"page\">\n\t\t\t\t\t\t<section class=\"elementor-section elementor-top-section elementor-element elementor-element-1375c100 elementor-section-content-middle elementor-section-boxed elementor-section-height-default elementor-section-height-default\" data-id=\"1375c100\" data-element_type=\"section\" data-e-type=\"section\" data-settings=\"{&quot;animation&quot;:&quot;none&quot;}\">\n\t\t\t\t\t\t<div class=\"elementor-container elementor-column-gap-no\">\n\t\t\t\t\t<div class=\"elementor-column elementor-col-50 elementor-top-column elementor-element elementor-element-2916c926 animated-slow elementor-invisible\" data-id=\"2916c926\" data-element_type=\"column\" data-e-type=\"column\" data-settings=\"{&quot;animation&quot;:&quot;fadeInLeft&quot;}\">\n\t\t\t<div class=\"elementor-widget-wrap elementor-element-populated\">\n\t\t\t\t\t\t<div class=\"elementor-element elementor-element-1a3bd265 animated-slow elementor-invisible elementor-widget elementor-widget-image\" data-id=\"1a3bd265\" data-element_type=\"widget\" data-e-type=\"widget\" data-settings=\"{&quot;_animation&quot;:&quot;fadeIn&quot;}\" data-widget_type=\"image.default\">\n\t\t\t\t<div class=\"elementor-widget-container\">\n\t\t\t\t\t\t\t\t\t\t\t\t\t\t\t<img fetchpriority=\"high\" decoding=\"async\" width=\"1440\" height=\"1440\" src=\"https:\/\/quellidinessuno.org\/wp-content\/uploads\/2020\/04\/TOPO.jpg\" class=\"attachment-full size-full wp-image-2301\" alt=\"\" srcset=\"https:\/\/quellidinessuno.org\/wp-content\/uploads\/2020\/04\/TOPO.jpg 1440w, https:\/\/quellidinessuno.org\/wp-content\/uploads\/2020\/04\/TOPO-300x300.jpg 300w, https:\/\/quellidinessuno.org\/wp-content\/uploads\/2020\/04\/TOPO-1024x1024.jpg 1024w, https:\/\/quellidinessuno.org\/wp-content\/uploads\/2020\/04\/TOPO-150x150.jpg 150w, https:\/\/quellidinessuno.org\/wp-content\/uploads\/2020\/04\/TOPO-768x768.jpg 768w, https:\/\/quellidinessuno.org\/wp-content\/uploads\/2020\/04\/TOPO-900x900.jpg 900w, https:\/\/quellidinessuno.org\/wp-content\/uploads\/2020\/04\/TOPO-1000x1000.jpg 1000w, https:\/\/quellidinessuno.org\/wp-content\/uploads\/2020\/04\/TOPO-480x480.jpg 480w\" sizes=\"(max-width: 1440px) 100vw, 1440px\" \/>\t\t\t\t\t\t\t\t\t\t\t\t\t\t\t<\/div>\n\t\t\t\t<\/div>\n\t\t\t\t\t<\/div>\n\t\t<\/div>\n\t\t\t\t<div class=\"elementor-column elementor-col-50 elementor-top-column elementor-element elementor-element-49b88ebc animated-slow elementor-invisible\" data-id=\"49b88ebc\" data-element_type=\"column\" data-e-type=\"column\" data-settings=\"{&quot;animation&quot;:&quot;fadeIn&quot;}\">\n\t\t\t<div class=\"elementor-widget-wrap elementor-element-populated\">\n\t\t\t\t\t\t<div class=\"elementor-element elementor-element-233fe7e3 elementor-invisible elementor-widget elementor-widget-heading\" data-id=\"233fe7e3\" data-element_type=\"widget\" data-e-type=\"widget\" data-settings=\"{&quot;_animation&quot;:&quot;fadeIn&quot;}\" data-widget_type=\"heading.default\">\n\t\t\t\t<div class=\"elementor-widget-container\">\n\t\t\t\t\t<h3 class=\"elementor-heading-title elementor-size-default\">Cosa \u00e8 importante sapere quando si decide di adottare un amico a quattro zampe?<\/h3>\t\t\t\t<\/div>\n\t\t\t\t<\/div>\n\t\t\t\t<div class=\"elementor-element elementor-element-6a99d159 elementor-position-inline-start elementor-view-default elementor-mobile-position-block-start elementor-invisible elementor-widget elementor-widget-icon-box\" data-id=\"6a99d159\" data-element_type=\"widget\" data-e-type=\"widget\" data-settings=\"{&quot;_animation&quot;:&quot;fadeIn&quot;}\" data-widget_type=\"icon-box.default\">\n\t\t\t\t<div class=\"elementor-widget-container\">\n\t\t\t\t\t\t\t<div class=\"elementor-icon-box-wrapper\">\n\n\t\t\t\t\t\t<div class=\"elementor-icon-box-icon\">\n\t\t\t\t<span  class=\"elementor-icon\">\n\t\t\t\t<i aria-hidden=\"true\" class=\"fas fa-long-arrow-alt-right\"><\/i>\t\t\t\t<\/span>\n\t\t\t<\/div>\n\t\t\t\n\t\t\t\t\t\t<div class=\"elementor-icon-box-content\">\n\n\t\t\t\t\t\t\t\t\t<h3 class=\"elementor-icon-box-title\">\n\t\t\t\t\t\t<span  >\n\t\t\t\t\t\t\tComprendere le sue emozioni\t\t\t\t\t\t<\/span>\n\t\t\t\t\t<\/h3>\n\t\t\t\t\n\t\t\t\t\n\t\t\t<\/div>\n\t\t\t\n\t\t<\/div>\n\t\t\t\t\t\t<\/div>\n\t\t\t\t<\/div>\n\t\t\t\t<div class=\"elementor-element elementor-element-133d933 elementor-position-inline-start elementor-view-default elementor-mobile-position-block-start elementor-invisible elementor-widget elementor-widget-icon-box\" data-id=\"133d933\" data-element_type=\"widget\" data-e-type=\"widget\" data-settings=\"{&quot;_animation&quot;:&quot;fadeIn&quot;}\" data-widget_type=\"icon-box.default\">\n\t\t\t\t<div class=\"elementor-widget-container\">\n\t\t\t\t\t\t\t<div class=\"elementor-icon-box-wrapper\">\n\n\t\t\t\t\t\t<div class=\"elementor-icon-box-icon\">\n\t\t\t\t<span  class=\"elementor-icon\">\n\t\t\t\t<i aria-hidden=\"true\" class=\"fas fa-long-arrow-alt-right\"><\/i>\t\t\t\t<\/span>\n\t\t\t<\/div>\n\t\t\t\n\t\t\t\t\t\t<div class=\"elementor-icon-box-content\">\n\n\t\t\t\t\t\t\t\t\t<h3 class=\"elementor-icon-box-title\">\n\t\t\t\t\t\t<span  >\n\t\t\t\t\t\t\tconoscere i suoi comportamenti\t\t\t\t\t\t<\/span>\n\t\t\t\t\t<\/h3>\n\t\t\t\t\n\t\t\t\t\n\t\t\t<\/div>\n\t\t\t\n\t\t<\/div>\n\t\t\t\t\t\t<\/div>\n\t\t\t\t<\/div>\n\t\t\t\t<div class=\"elementor-element elementor-element-790be488 elementor-position-inline-start elementor-view-default elementor-mobile-position-block-start elementor-invisible elementor-widget elementor-widget-icon-box\" data-id=\"790be488\" data-element_type=\"widget\" data-e-type=\"widget\" data-settings=\"{&quot;_animation&quot;:&quot;fadeIn&quot;}\" data-widget_type=\"icon-box.default\">\n\t\t\t\t<div class=\"elementor-widget-container\">\n\t\t\t\t\t\t\t<div class=\"elementor-icon-box-wrapper\">\n\n\t\t\t\t\t\t<div class=\"elementor-icon-box-icon\">\n\t\t\t\t<span  class=\"elementor-icon\">\n\t\t\t\t<i aria-hidden=\"true\" class=\"fas fa-long-arrow-alt-right\"><\/i>\t\t\t\t<\/span>\n\t\t\t<\/div>\n\t\t\t\n\t\t\t\t\t\t<div class=\"elementor-icon-box-content\">\n\n\t\t\t\t\t\t\t\t\t<h3 class=\"elementor-icon-box-title\">\n\t\t\t\t\t\t<span  >\n\t\t\t\t\t\t\tLA PROCEDURA DA ESEGUIRE\t\t\t\t\t\t<\/span>\n\t\t\t\t\t<\/h3>\n\t\t\t\t\n\t\t\t\t\n\t\t\t<\/div>\n\t\t\t\n\t\t<\/div>\n\t\t\t\t\t\t<\/div>\n\t\t\t\t<\/div>\n\t\t\t\t\t<\/div>\n\t\t<\/div>\n\t\t\t\t\t<\/div>\n\t\t<\/section>\n\t\t\t\t<section class=\"elementor-section elementor-top-section elementor-element elementor-element-5b7d74c2 elementor-section-content-middle elementor-reverse-mobile animated-slow elementor-section-boxed elementor-section-height-default elementor-section-height-default elementor-invisible\" data-id=\"5b7d74c2\" data-element_type=\"section\" data-e-type=\"section\" data-settings=\"{&quot;background_background&quot;:&quot;classic&quot;,&quot;animation&quot;:&quot;fadeIn&quot;}\">\n\t\t\t\t\t\t<div class=\"elementor-container elementor-column-gap-no\">\n\t\t\t\t\t<div class=\"elementor-column elementor-col-100 elementor-top-column elementor-element elementor-element-4ccc280b\" data-id=\"4ccc280b\" data-element_type=\"column\" data-e-type=\"column\">\n\t\t\t<div class=\"elementor-widget-wrap elementor-element-populated\">\n\t\t\t\t\t\t<div class=\"elementor-element elementor-element-68d287b7 elementor-widget elementor-widget-text-editor\" data-id=\"68d287b7\" data-element_type=\"widget\" data-e-type=\"widget\" data-widget_type=\"text-editor.default\">\n\t\t\t\t<div class=\"elementor-widget-container\">\n\t\t\t\t\t\t\t\t\t<div class=\"page\" title=\"Page 2\"><div class=\"section\"><div class=\"layoutArea\"><div class=\"column\"><p>Scegliere di condividere la vita \u00a0con un cane e\u0300 senza dubbio un grande atto di amore e porta gioia ogni giorno. Facilita i rapporti sociali ed ha una funzione positiva nell\u2019allentare tensioni e stress.<\/p><p>Allo stesso tempo, e\u0300 anche qualcosa che cambia profondamente la vita quotidiana. Per questo e\u0300 una scelta che va fatta responsabilmente e con la consapevolezza di prendersi un grande impegno, del tutto analogo ai doveri che un genitore assume nei confronti di un figlio.<br \/>S\u00ec, perche\u0301 cani e gatti non sono animali da compagnia, sono <strong>compagni di vita<\/strong> e se li accoglierai nella Tua casa diventeranno a tutti gli effetti membri della Tua famiglia.\u00a0<\/p><\/div><\/div><\/div><\/div><p>Adottare un cane significa assumersene la piena responsabilit\u00e0, vita natural durante (circa 15 anni), significa organizzare le vacanze tenendo in considerazione anche il nuovo amico, significa assumersene gli oneri economici, significa avere la casa \u201cun po\u2019 pi\u00f9 pelosa\u201d, educarlo alla convivenza in famiglia e fuori. <br \/>Sei veramente sicuro?<\/p><p>Non \u00e8 sempre facile scegliere il cane da adottare, spesso si agisce d&#8217;impulso, seguendo l&#8217;emozione del momento. Eppure non \u00e8 giusto scegliere un cane in base all&#8217;estetica, piuttosto, sarebbe necessario analizzare le sue proprie caratteristiche caratteriali e comportamentali.<\/p><p>Prima di decidere di adottare, devi avere piena coscienza della responsabilit\u00e0 che ci\u00f2 comporta. Un cane deve essere considerato un &#8220;<strong>elemento del Tuo branco<\/strong>&#8220;, non un problema di cui liberarsi quando c&#8217;\u00e8 qualche difficolt\u00e0 o cambiamento.<\/p><p>Considera che appena arrivato a casa il cane avr\u00e0 necessit\u00e0 di adattarsi al nuovo ambiente e nei primi giorni deve essere lasciato tranquillo. Per questo \u00e8 utile anche sistemargli la cuccia in un luogo poco esposto al passaggio.<\/p><p>Impara a leggere i segnali di disagio: spesso ci si accorge che qualcosa non va solo quando un cane mostra i denti, ringhia o morde l&#8217;aria. In realt\u00e0 egli ha sicuramente in precedenza manifestato altri comportamenti, dei messaggi di disagio, senza avere da noi un feedback. Girare la testa, sbadigliare o rallentare i movimenti possono gi\u00e0 essere suoi modi per dirci che \u00e8 teso, per chiederci aiuto e di non mettergli in quel momento ulteriore pressione.<\/p><p>E&#8217; molto importante comprendere che il cane <strong>non deve essere <em>umanizzato<\/em><\/strong>. Spesso tendiamo a trattare i nostri animali come persone (o peggio giocattoli!): non devi spiegare i loro comportamenti sulla base dei Tuoi. Un amico a quattro zampe ha le sue caratteristiche di specie, le sue emozioni ed il suo modo di vedere il Mondo, e devi coglierlo e rispettarlo nelle sue differenze da Te.<\/p><p>Cercare di comprendere il suo modo di comunicare, i suoi eventuali segnali di disagio \u00e8 un modo corretto di prepararti all&#8217;arrivo di questo nuovo amico e darti la possibilit\u00e0 di renderlo felice e parte integrante della tua vita.<\/p>\t\t\t\t\t\t\t\t<\/div>\n\t\t\t\t<\/div>\n\t\t\t\t\t<\/div>\n\t\t<\/div>\n\t\t\t\t\t<\/div>\n\t\t<\/section>\n\t\t\t\t<section class=\"elementor-section elementor-top-section elementor-element elementor-element-29ecad4 animated-slow elementor-section-boxed elementor-section-height-default elementor-section-height-default elementor-invisible\" data-id=\"29ecad4\" data-element_type=\"section\" data-e-type=\"section\" data-settings=\"{&quot;animation&quot;:&quot;fadeIn&quot;}\">\n\t\t\t\t\t\t<div class=\"elementor-container elementor-column-gap-default\">\n\t\t\t\t\t<div class=\"elementor-column elementor-col-50 elementor-top-column elementor-element elementor-element-0bf74f4\" data-id=\"0bf74f4\" data-element_type=\"column\" data-e-type=\"column\">\n\t\t\t<div class=\"elementor-widget-wrap elementor-element-populated\">\n\t\t\t\t\t\t<div class=\"elementor-element elementor-element-bcb4c7b elementor-invisible elementor-widget elementor-widget-text-editor\" data-id=\"bcb4c7b\" data-element_type=\"widget\" data-e-type=\"widget\" data-settings=\"{&quot;_animation&quot;:&quot;fadeIn&quot;}\" data-widget_type=\"text-editor.default\">\n\t\t\t\t<div class=\"elementor-widget-container\">\n\t\t\t\t\t\t\t\t\t<p>Una volta effettuata la scelta, puoi chiamare<strong> Laura<\/strong> al numero <em>327 8936174<\/em> e comunicare questa Tua intenzione. Lei ti invier\u00e0 un <em><strong>modulo di raccolta dati<\/strong><\/em> da sottoscrivere, firmare e restituire.<br \/>Successivamente, riceverai una visita di una volontaria che verr\u00e0 a conoscerti e a verificare che l&#8217;ambiente sia idoneo (non offenderti, questo viene fatto unicamente per tutelare il Nostro amico!).<\/p><p>Se tutto andr\u00e0 bene, il nostro cuoricino che cammina potr\u00e0 raggiungerti con regolare <strong>staffetta<\/strong> autorizzata.<\/p><p>Durante il primo periodo i volontari si riservano \u00a0la possibilit\u00e0 fare visita al Tuo domicilio, per verificare che il cane stia bene e\u00a0valutare il rapporto che sta instaurando con Te. Laura rimane vicino a tutti gli adottanti finquando ce n&#8217;\u00e8 bisogno e segue l&#8217;adozione nel tempo. Se tutto proceder\u00e0 per il meglio e sarete entrambi felici, si effettuer\u00e0 il passaggio di intestazione del <strong>microchip<\/strong>.<\/p>\t\t\t\t\t\t\t\t<\/div>\n\t\t\t\t<\/div>\n\t\t\t\t\t<\/div>\n\t\t<\/div>\n\t\t\t\t<div class=\"elementor-column elementor-col-50 elementor-top-column elementor-element elementor-element-00ead2e\" data-id=\"00ead2e\" data-element_type=\"column\" data-e-type=\"column\">\n\t\t\t<div class=\"elementor-widget-wrap elementor-element-populated\">\n\t\t\t\t\t\t<div class=\"elementor-element elementor-element-72fb51f elementor-invisible elementor-widget elementor-widget-text-editor\" data-id=\"72fb51f\" data-element_type=\"widget\" data-e-type=\"widget\" data-settings=\"{&quot;_animation&quot;:&quot;fadeIn&quot;}\" data-widget_type=\"text-editor.default\">\n\t\t\t\t<div class=\"elementor-widget-container\">\n\t\t\t\t\t\t\t\t\t<p><strong>I primi giorni a casa<\/strong> per il nuovo arrivato sono delicatissimi e da essi dipende molto del tipo di rapporto che andrai ad instaurare con il Tuo nuovo amico.<\/p><p>Fai in modo che, appena entrato in casa, possa sentirsi a proprio agio.\u00a0<\/p><p>Dedica a lui un angolo del tuo appartamento, preparandogli delle ciotole, una coperta ed eventualmente qualche giocattolo, in modo che si costituisca i suoi \u00a0&#8220;punti di riferimento&#8221;.\u00a0<\/p><p>Ti accorgerai che, gradualmente, si abituer\u00e0 al nuovo ambiente e cercher\u00e0 in ogni modo di compiacerti.<\/p><p>Sar\u00e0 inoltre fondamentale farlo abituare dal primo giorno ai ritmi della casa. I cani infatti sono molto<strong>\u00a0abitudinari.<\/strong><\/p><p>Osservalo, cerca di metterlo a suo agio e concedigli tutto il tempo di cui ha bisogno per adattarsi alla nuova vita.<\/p><p>Stai certo che presto sarai completamente ricompensato con una valanga di <strong>amore incondizionato!<\/strong><\/p>\t\t\t\t\t\t\t\t<\/div>\n\t\t\t\t<\/div>\n\t\t\t\t\t<\/div>\n\t\t<\/div>\n\t\t\t\t\t<\/div>\n\t\t<\/section>\n\t\t\t\t<section class=\"elementor-section elementor-top-section elementor-element elementor-element-174b244 animated-slow elementor-section-height-min-height elementor-section-boxed elementor-section-height-default elementor-section-items-middle elementor-invisible\" data-id=\"174b244\" data-element_type=\"section\" data-e-type=\"section\" data-settings=\"{&quot;animation&quot;:&quot;fadeIn&quot;}\">\n\t\t\t\t\t\t<div class=\"elementor-container elementor-column-gap-default\">\n\t\t\t\t\t<div class=\"elementor-column elementor-col-100 elementor-top-column elementor-element elementor-element-a228d1f\" data-id=\"a228d1f\" data-element_type=\"column\" data-e-type=\"column\">\n\t\t\t<div class=\"elementor-widget-wrap elementor-element-populated\">\n\t\t\t\t\t\t<div class=\"elementor-element elementor-element-8caab11 elementor-widget elementor-widget-image\" data-id=\"8caab11\" data-element_type=\"widget\" data-e-type=\"widget\" data-widget_type=\"image.default\">\n\t\t\t\t<div class=\"elementor-widget-container\">\n\t\t\t\t\t\t\t\t\t\t\t\t\t\t\t<img decoding=\"async\" width=\"1024\" height=\"1024\" src=\"https:\/\/quellidinessuno.org\/wp-content\/uploads\/2024\/11\/aura-e-noi.jpg\" class=\"attachment-large size-large wp-image-3422\" alt=\"\" srcset=\"https:\/\/quellidinessuno.org\/wp-content\/uploads\/2024\/11\/aura-e-noi.jpg 1024w, https:\/\/quellidinessuno.org\/wp-content\/uploads\/2024\/11\/aura-e-noi-300x300.jpg 300w, https:\/\/quellidinessuno.org\/wp-content\/uploads\/2024\/11\/aura-e-noi-150x150.jpg 150w, https:\/\/quellidinessuno.org\/wp-content\/uploads\/2024\/11\/aura-e-noi-768x768.jpg 768w, https:\/\/quellidinessuno.org\/wp-content\/uploads\/2024\/11\/aura-e-noi-900x900.jpg 900w, https:\/\/quellidinessuno.org\/wp-content\/uploads\/2024\/11\/aura-e-noi-1000x1000.jpg 1000w, https:\/\/quellidinessuno.org\/wp-content\/uploads\/2024\/11\/aura-e-noi-480x480.jpg 480w\" sizes=\"(max-width: 1024px) 100vw, 1024px\" \/>\t\t\t\t\t\t\t\t\t\t\t\t\t\t\t<\/div>\n\t\t\t\t<\/div>\n\t\t\t\t\t<\/div>\n\t\t<\/div>\n\t\t\t\t\t<\/div>\n\t\t<\/section>\n\t\t\t\t<section class=\"elementor-section elementor-top-section elementor-element elementor-element-03d1aad animated-slow elementor-section-boxed elementor-section-height-default elementor-section-height-default elementor-invisible\" data-id=\"03d1aad\" data-element_type=\"section\" data-e-type=\"section\" data-settings=\"{&quot;background_background&quot;:&quot;classic&quot;,&quot;animation&quot;:&quot;fadeIn&quot;}\">\n\t\t\t\t\t\t<div class=\"elementor-container elementor-column-gap-default\">\n\t\t\t\t\t<div class=\"elementor-column elementor-col-100 elementor-top-column elementor-element elementor-element-e6d9b35\" data-id=\"e6d9b35\" data-element_type=\"column\" data-e-type=\"column\">\n\t\t\t<div class=\"elementor-widget-wrap elementor-element-populated\">\n\t\t\t\t\t\t<div class=\"elementor-element elementor-element-52fd7ad elementor-widget elementor-widget-text-editor\" data-id=\"52fd7ad\" data-element_type=\"widget\" data-e-type=\"widget\" data-widget_type=\"text-editor.default\">\n\t\t\t\t<div class=\"elementor-widget-container\">\n\t\t\t\t\t\t\t\t\t<div dir=\"auto\"><div dir=\"auto\">Se hai scelto un nostro cane e non riesci a metterti in contatto con Noi, puoi scaricare il questionario conoscitivo, che rappresenta il\u00a0primo passo del nostro <em>iter di adozione<\/em>, direttamente da questo <strong><em><a href=\"https:\/\/drive.google.com\/...\/1mXvXYwVoKps33e8...\/view\">link<\/a><\/em>,<\/strong> compilarlo con cura, ed inviarlo a Laura su whatsapp al 327 8936174.<\/div><div dir=\"auto\">Lo leggeremo con attenzione e prenderemo in considerazione la tua richiesta.<\/div><\/div><div dir=\"auto\">\u00a0<\/div>\t\t\t\t\t\t\t\t<\/div>\n\t\t\t\t<\/div>\n\t\t\t\t\t<\/div>\n\t\t<\/div>\n\t\t\t\t\t<\/div>\n\t\t<\/section>\n\t\t\t\t<\/div>\n\t\t","protected":false},"excerpt":{"rendered":"<p class=\"excerpt\">Cosa \u00e8 importante sapere quando si decide di adottare un amico a quattro zampe? Comprendere le sue emozioni conoscere i suoi comportamenti LA PROCEDURA DA ESEGUIRE Scegliere di condividere la vita \u00a0con un cane e\u0300 senza dubbio un grande atto di amore e porta gioia ogni giorno. Facilita i rapporti sociali ed ha una funzione [&hellip;]<\/p>\n","protected":false},"author":1,"featured_media":0,"parent":0,"menu_order":0,"comment_status":"closed","ping_status":"closed","template":"template-blank.php","meta":{"inline_featured_image":false,"_monsterinsights_skip_tracking":false,"_monsterinsights_sitenote_active":false,"_monsterinsights_sitenote_note":"","_monsterinsights_sitenote_category":0,"footnotes":""},"class_list":["post-2198","page","type-page","status-publish","hentry"],"aioseo_notices":[],"_links":{"self":[{"href":"https:\/\/quellidinessuno.org\/index.php?rest_route=\/wp\/v2\/pages\/2198","targetHints":{"allow":["GET"]}}],"collection":[{"href":"https:\/\/quellidinessuno.org\/index.php?rest_route=\/wp\/v2\/pages"}],"about":[{"href":"https:\/\/quellidinessuno.org\/index.php?rest_route=\/wp\/v2\/types\/page"}],"author":[{"embeddable":true,"href":"https:\/\/quellidinessuno.org\/index.php?rest_route=\/wp\/v2\/users\/1"}],"replies":[{"embeddable":true,"href":"https:\/\/quellidinessuno.org\/index.php?rest_route=%2Fwp%2Fv2%2Fcomments&post=2198"}],"version-history":[{"count":123,"href":"https:\/\/quellidinessuno.org\/index.php?rest_route=\/wp\/v2\/pages\/2198\/revisions"}],"predecessor-version":[{"id":3603,"href":"https:\/\/quellidinessuno.org\/index.php?rest_route=\/wp\/v2\/pages\/2198\/revisions\/3603"}],"wp:attachment":[{"href":"https:\/\/quellidinessuno.org\/index.php?rest_route=%2Fwp%2Fv2%2Fmedia&parent=2198"}],"curies":[{"name":"wp","href":"https:\/\/api.w.org\/{rel}","templated":true}]}}